{"id":44,"date":"2019-03-24T00:33:05","date_gmt":"2019-03-24T00:33:05","guid":{"rendered":"http:\/\/www.tmff.com.br\/novo\/?page_id=44"},"modified":"2024-09-10T12:42:29","modified_gmt":"2024-09-10T15:42:29","slug":"profissionais","status":"publish","type":"page","link":"https:\/\/tmff.com.br\/en\/profissionais\/","title":{"rendered":"PARTNERS"},"content":{"rendered":"<div class=\"vc_row wpb_row vc_row-fluid\"><div class=\"wpb_column vc_column_container vc_col-sm-2\"><div class=\"vc_column-inner\"><div class=\"wpb_wrapper\"><\/div><\/div><\/div><div class=\"wpb_column vc_column_container vc_col-sm-8\"><div class=\"vc_column-inner\"><div class=\"wpb_wrapper\"><div class=\"wpb_gallery wpb_content_element vc_clearfix\" ><div class=\"wpb_wrapper\"><div class=\"wpb_gallery_slides wpb_image_grid\" data-interval=\"3\"><ul class=\"wpb_image_grid_ul\"><li class=\"isotope-item\"><img width=\"800\" height=\"533\" src=\"https:\/\/tmff.com.br\/wp-content\/uploads\/2019\/08\/TMFF-010.jpg\" class=\"attachment-full\" alt=\"\" loading=\"lazy\" srcset=\"https:\/\/tmff.com.br\/wp-content\/uploads\/2019\/08\/TMFF-010.jpg 800w, https:\/\/tmff.com.br\/wp-content\/uploads\/2019\/08\/TMFF-010-300x200.jpg 300w, https:\/\/tmff.com.br\/wp-content\/uploads\/2019\/08\/TMFF-010-768x512.jpg 768w\" sizes=\"(max-width: 800px) 100vw, 800px\" \/><\/li><\/ul><\/div><\/div><\/div><div class=\"vc_empty_space\"   style=\"height: 15px\" ><span class=\"vc_empty_space_inner\"><\/span><\/div>\n<\/div><\/div><\/div><div class=\"wpb_column vc_column_container vc_col-sm-2\"><div class=\"vc_column-inner\"><div class=\"wpb_wrapper\"><\/div><\/div><\/div><\/div><div class=\"vc_row wpb_row vc_row-fluid\"><div class=\"wpb_column vc_column_container vc_col-sm-2\"><div class=\"vc_column-inner\"><div class=\"wpb_wrapper\"><\/div><\/div><\/div><div class=\"wpb_column vc_column_container vc_col-sm-8\"><div class=\"vc_column-inner\"><div class=\"wpb_wrapper\"><div class=\"vc_tta-container\" data-vc-action=\"collapse\"><div class=\"vc_general vc_tta vc_tta-accordion vc_tta-color-grey vc_tta-style-classic vc_tta-shape-rounded vc_tta-o-shape-group vc_tta-controls-align-left\"><div class=\"vc_tta-panels-container\"><div class=\"vc_tta-panels\"><div class=\"vc_tta-panel vc_active\" id=\"1565228955399-d46e8bd2-9ab9\" data-vc-content=\".vc_tta-panel-body\"><div class=\"vc_tta-panel-heading\"><h4 class=\"vc_tta-panel-title vc_tta-controls-icon-position-left\"><a href=\"#1565228955399-d46e8bd2-9ab9\" data-vc-accordion data-vc-container=\".vc_tta-container\"><span class=\"vc_tta-title-text\">Ivanir Jos\u00e9 Tavares<\/span><i class=\"vc_tta-controls-icon vc_tta-controls-icon-plus\"><\/i><\/a><\/h4><\/div><div class=\"vc_tta-panel-body\">\n\t<div class=\"wpb_text_column wpb_content_element\" >\n\t\t<div class=\"wpb_wrapper\">\n\t\t\t<ul>\n<li>Bachelor of Law from the Faculty of Law of the University of the Federal District, former University of the State of Guanabara and current University og the State of Rio de Janeiro;<\/li>\n<li>Tax Law Course at the Federal District University;<\/li>\n<li>Applied Criminology Course at the Criminology Institute of the Federal Disctrict University;<\/li>\n<li>Member of the Brazilian Bar Association, Section of the State of Rio de Janeiro;<\/li>\n<li>Effective Member and Founding Partner of the Carioca Association of Labor Lawyers;<\/li>\n<li>Former Attorney and Former Attorney General of the Brazilian Bar Association, Rio de Janeiro Section;<\/li>\n<\/ul>\n\n\t\t<\/div>\n\t<\/div>\n<\/div><\/div><div class=\"vc_tta-panel\" id=\"1565228955427-d0361625-1ade\" data-vc-content=\".vc_tta-panel-body\"><div class=\"vc_tta-panel-heading\"><h4 class=\"vc_tta-panel-title vc_tta-controls-icon-position-left\"><a href=\"#1565228955427-d0361625-1ade\" data-vc-accordion data-vc-container=\".vc_tta-container\"><span class=\"vc_tta-title-text\">Gilson Freitas de Souza<\/span><i class=\"vc_tta-controls-icon vc_tta-controls-icon-plus\"><\/i><\/a><\/h4><\/div><div class=\"vc_tta-panel-body\">\n\t<div class=\"wpb_text_column wpb_content_element\" >\n\t\t<div class=\"wpb_wrapper\">\n\t\t\t<p><u>Personal data<\/u><\/p>\n<ul>\n<li>\u00a0\u00a0\u00a0\u00a0\u00a0\u00a0 Brazilian, married, born in Vit\u00f3ria, Espirito Santo, born on June 22, 1939.<\/li>\n<li>\u00a0\u00a0\u00a0\u00a0\u00a0\u00a0 Honorary Citizen of the State of Texas.<\/li>\n<\/ul>\n<p><u>Academic  training.\u00a0\u00a0 <\/u><\/p>\n<ul>\n<li>\u00a0\u00a0\u00a0\u00a0\u00a0\u00a0\u00a0\u00a0 High School: Lincoln High School, Thief River Falls, Minnesota.<\/li>\n<li>\u00a0\u00a0\u00a0\u00a0\u00a0\u00a0\u00a0\u00a0 Bachelor's degree: Faculty of Law at PUC-RJ<\/li>\n<li>\u00a0\u00a0\u00a0\u00a0\u00a0\u00a0\u00a0\u00a0 Master's Degree: Southern Methodist University Law School, Dallas, Texas<\/li>\n<\/ul>\n<p><u>\u00a0Professional organizations.<\/u><\/p>\n<ul>\n<li>\u00a0\u00a0\u00a0\u00a0\u00a0\u00a0\u00a0\u00a0\u00a0 Brazilian Bar Association \u2013 RJ.<\/li>\n<li>\u00a0\u00a0\u00a0\u00a0\u00a0\u00a0\u00a0\u00a0\u00a0 Institute of Brazilian Lawyers.<\/li>\n<li>\u00a0\u00a0\u00a0\u00a0\u00a0\u00a0\u00a0\u00a0\u00a0 International Fiscal Association.<\/li>\n<li>\u00a0\u00a0\u00a0\u00a0\u00a0\u00a0\u00a0\u00a0\u00a0 Brazilian Association of Financial Law: Former Scientific Director;<\/li>\n<li>\u00a0\u00a0\u00a0\u00a0\u00a0\u00a0\u00a0\u00a0\u00a0 Counselor; President of the Advisory Board.<\/li>\n<li>\u00a0\u00a0\u00a0\u00a0\u00a0\u00a0\u00a0\u00a0\u00a0 Third Council of Taxpayers of the Ministry of Finance:<\/li>\n<li>\u00a0\u00a0\u00a0\u00a0\u00a0\u00a0\u00a0\u00a0\u00a0\u00a0 Former Vice President; President.<\/li>\n<li>\u00a0\u00a0\u00a0\u00a0\u00a0\u00a0\u00a0\u00a0\u00a0 American Film Marketing Association: member of the Arbitration Committee.<\/li>\n<\/ul>\n<p><u>Lay Organizations.\u00a0\u00a0\u00a0 <\/u><\/p>\n<ul>\n<li>\u00a0\u00a0 \u00a0 \u00a0 \u00a0\u00a0 Brazil-United States Institute: Counselor Nato.  Several  terms as Director, including 2nd Vice-President; held the positions of  Advisor, President of the Academic Committee, Coordinator of the   Temporary Legal Affairs Committee; member of the Administrative, Scholarships and Art Committees:<\/li>\n<li style=\"text-align: left;\">\u00a0\u00a0\u00a0\u00a0\u00a0\u00a0\u00a0\u00a0\u00a0 American Chamber of Commerce for Brazil (RJ): \u201cEx-Officio\u201d Director, Honorary Member. Former Chairman of the Legal Affairs Committee.<\/li>\n<li>\u00a0\u00a0\u00a0\u00a0\u00a0\u00a0\u00a0\u00a0\u00a0 American School of Rio de Janeiro: Former Legal Advisor to the Board of Directors.<\/li>\n<li>\u00a0\u00a0\u00a0\u00a0\u00a0\u00a0\u00a0\u00a0\u00a0 Commercial Association of Rio de Janeiro: member of the Legal Affairs Council.<\/li>\n<\/ul>\n<p><u>Scholarships.<\/u> (Selection carried out by the Brazil-United States Institute).<\/p>\n<ul>\n<li>\u00a0\u00a0\u00a0\u00a0\u00a0\u00a0\u00a0\u00a0 American Field Service.<\/li>\n<li>\u00a0\u00a0\u00a0\u00a0\u00a0\u00a0\u00a0\u00a0 Institute of International Education.<\/li>\n<li>\u00a0\u00a0\u00a0\u00a0\u00a0\u00a0\u00a0\u00a0 Fulbright Commission.<\/li>\n<\/ul>\n<p><u>Business experience<\/u> (as Director)<\/p>\n<ul>\n<li>\u00a0\u00a0\u00a0\u00a0\u00a0\u00a0\u00a0 Brasil Offshore-Maerk (Brasmar) Ltda. (A.P. Moller Group, Denmark).<\/li>\n<li>\u00a0\u00a0\u00a0\u00a0\u00a0\u00a0\u00a0 Casa Wild S.A. (Wild Heerbrugg A.G., Su\u00ed\u00e7a).<\/li>\n<li>\u00a0\u00a0\u00a0\u00a0\u00a0\u00a0\u00a0 Petropool Manuten\u00e7\u00e3o de Po\u00e7os de Petr\u00f3leo Ltda. (Grupo Ensearch \/Pool, U.S.A.).<\/li>\n<li>\u00a0\u00a0\u00a0\u00a0\u00a0\u00a0\u00a0 Porsche Design do Brasil Ltda. (Porsche Design Produkte, \u00c1ustria).<\/li>\n<li>\u00a0\u00a0\u00a0\u00a0\u00a0\u00a0\u00a0 Servi\u00e7os Geof\u00edsicos \u201cGSI\u201d Ltda. (Texas Instruments Incorporated, EUA).<\/li>\n<li>\u00a0\u00a0\u00a0\u00a0\u00a0\u00a0\u00a0 Warner Bros. (South) in. (Warner Brothers, U.S.A.)<\/li>\n<\/ul>\n\n\t\t<\/div>\n\t<\/div>\n<\/div><\/div><div class=\"vc_tta-panel\" id=\"1565229120130-510803d4-1311\" data-vc-content=\".vc_tta-panel-body\"><div class=\"vc_tta-panel-heading\"><h4 class=\"vc_tta-panel-title vc_tta-controls-icon-position-left\"><a href=\"#1565229120130-510803d4-1311\" data-vc-accordion data-vc-container=\".vc_tta-container\"><span class=\"vc_tta-title-text\">Rog\u00e9rio Leite Lobo<\/span><i class=\"vc_tta-controls-icon vc_tta-controls-icon-plus\"><\/i><\/a><\/h4><\/div><div class=\"vc_tta-panel-body\">\n\t<div class=\"wpb_text_column wpb_content_element\" >\n\t\t<div class=\"wpb_wrapper\">\n\t\t\t<ul>\n<li>Bachelor of Law from the Law School of Rio de Janeiro State University;<\/li>\n<li>Member of the Brazilian Bar Association, Rio de Janeiro Chapter;<\/li>\n<li>Member of the Brazilian Association of Financial Law;<\/li>\n<li>Master in Tax Law from the Candido Mendes University;<\/li>\n<li>Former Attorney of the Municipality of Rio de Janeiro (1991\/2019), Former Chief Attorney of the Taxation Attorney\u2019s Department (from 1997 to 2000);<\/li>\n<\/ul>\n\n\t\t<\/div>\n\t<\/div>\n<\/div><\/div><div class=\"vc_tta-panel\" id=\"1565230359943-8ddf6892-6448\" data-vc-content=\".vc_tta-panel-body\"><div class=\"vc_tta-panel-heading\"><h4 class=\"vc_tta-panel-title vc_tta-controls-icon-position-left\"><a href=\"#1565230359943-8ddf6892-6448\" data-vc-accordion data-vc-container=\".vc_tta-container\"><span class=\"vc_tta-title-text\">Tha\u00eds Atayde Henrique<\/span><i class=\"vc_tta-controls-icon vc_tta-controls-icon-plus\"><\/i><\/a><\/h4><\/div><div class=\"vc_tta-panel-body\">\n\t<div class=\"wpb_text_column wpb_content_element\" >\n\t\t<div class=\"wpb_wrapper\">\n\t\t\t<ul>\n<li>Bachelor of Law from the Law School of Rio de Janeiro State University;<\/li>\n<li>Member of the Brazilian Bar Association, Rio de Janeiro Chapter;<\/li>\n<li>Post-graduation in Private Law from Gama Filho University;<\/li>\n<li>Specialist in Real Estate Law from Candido Mendes University.<\/li>\n<\/ul>\n\n\t\t<\/div>\n\t<\/div>\n<\/div><\/div><div class=\"vc_tta-panel\" id=\"1565230538493-a99340d0-c0cb\" data-vc-content=\".vc_tta-panel-body\"><div class=\"vc_tta-panel-heading\"><h4 class=\"vc_tta-panel-title vc_tta-controls-icon-position-left\"><a href=\"#1565230538493-a99340d0-c0cb\" data-vc-accordion data-vc-container=\".vc_tta-container\"><span class=\"vc_tta-title-text\">Raphael Nunes<\/span><i class=\"vc_tta-controls-icon vc_tta-controls-icon-plus\"><\/i><\/a><\/h4><\/div><div class=\"vc_tta-panel-body\">\n\t<div class=\"wpb_text_column wpb_content_element\" >\n\t\t<div class=\"wpb_wrapper\">\n\t\t\t<ul>\n<li>Bachelor of Law from the Law School of the Catholic University of Rio de Janeiro;<\/li>\n<li>Member of the Brazilian Bar Association, Rio de Janeiro Chapter;<\/li>\n<li>Specialist in Tax Law from Rio de Janeiro State University;<\/li>\n<li>Specialist in Tenders and Administrative Contracts from the Getulio Vargas Foundation Business School;<\/li>\n<li>Member of the Legal Affairs Committee of the American Chamber of Commerce of Rio de Janeiro;<\/li>\n<li>Extension program in compliance from the American Chamber of Commerce of Rio de Janeiro;<\/li>\n<li>Member of the Compliance Committe of the Brazilian Institute of Oil and Gas - IBP;<\/li>\n<li>Chief Compliance Officer of Infotec consultancy and planning;<\/li>\n<li>Member of Commercial Association of Rio de Janeiro;<\/li>\n<\/ul>\n\n\t\t<\/div>\n\t<\/div>\n<\/div><\/div><div class=\"vc_tta-panel\" id=\"1565230601815-a2139f9e-f4ee\" data-vc-content=\".vc_tta-panel-body\"><div class=\"vc_tta-panel-heading\"><h4 class=\"vc_tta-panel-title vc_tta-controls-icon-position-left\"><a href=\"#1565230601815-a2139f9e-f4ee\" data-vc-accordion data-vc-container=\".vc_tta-container\"><span class=\"vc_tta-title-text\">Raquel de Lima Mendes<\/span><i class=\"vc_tta-controls-icon vc_tta-controls-icon-plus\"><\/i><\/a><\/h4><\/div><div class=\"vc_tta-panel-body\">\n\t<div class=\"wpb_text_column wpb_content_element\" >\n\t\t<div class=\"wpb_wrapper\">\n\t\t\t<ul>\n<li>Bachelor of Law from the Gama Filho University<\/li>\n<li>Member of the Brazilian Bar Association, Rio de Janeiro Chapter;<\/li>\n<li>Specialist in Civil Law and Civil Procedural Law from the C\u00e2ndido Mendes University;<\/li>\n<li>Master of Law from the Gama Filho University;<\/li>\n<li>PHD in Legal and Social Sciences from the Federal Fluminense University;<\/li>\n<li>University professor;<\/li>\n<li>Post-graduate professor.<\/li>\n<\/ul>\n\n\t\t<\/div>\n\t<\/div>\n<\/div><\/div><div class=\"vc_tta-panel\" id=\"1565230632205-630911d6-5a8f\" data-vc-content=\".vc_tta-panel-body\"><div class=\"vc_tta-panel-heading\"><h4 class=\"vc_tta-panel-title vc_tta-controls-icon-position-left\"><a href=\"#1565230632205-630911d6-5a8f\" data-vc-accordion data-vc-container=\".vc_tta-container\"><span class=\"vc_tta-title-text\">Daniel Soares<\/span><i class=\"vc_tta-controls-icon vc_tta-controls-icon-plus\"><\/i><\/a><\/h4><\/div><div class=\"vc_tta-panel-body\">\n\t<div class=\"wpb_text_column wpb_content_element\" >\n\t\t<div class=\"wpb_wrapper\">\n\t\t\t<ul>\n<li>Bachelor of Law from the Federal University of Rio de Janeiro;<\/li>\n<li>Member of the Brazilian Bar Association, Rio de Janeiro Chapter.<\/li>\n<\/ul>\n\n\t\t<\/div>\n\t<\/div>\n<\/div><\/div><\/div><\/div><\/div><\/div><\/div><\/div><\/div><div class=\"wpb_column vc_column_container vc_col-sm-2\"><div class=\"vc_column-inner\"><div class=\"wpb_wrapper\"><\/div><\/div><\/div><\/div>","protected":false},"excerpt":{"rendered":"Ivanir Jos\u00e9 Tavares Bacharel em Direito pela Faculdade de Direito da Universidade do Distrito Federal, ex-Universidade do Estado da Guanabara e atual Universidade do Estado do Rio de Janeiro; Curso de Direito Tribut\u00e1rio da Universidade do Distrito Federal; Curso de Criminologia Aplicada do Instituto de Criminologia da Universidade do Distrito Federal; Membro da Ordem dos [...]","protected":false},"author":2,"featured_media":0,"parent":0,"menu_order":0,"comment_status":"closed","ping_status":"closed","template":"","meta":[],"yoast_head":"<!-- This site is optimized with the Yoast SEO plugin v17.0 - https:\/\/yoast.com\/wordpress\/plugins\/seo\/ -->\n<title>Profissionais - Tavares | Matteoni | Freitas de Souza &amp; Figueira de Mello<\/title>\n<meta name=\"robots\" content=\"index, follow, max-snippet:-1, max-image-preview:large, max-video-preview:-1\" \/>\n<link rel=\"canonical\" href=\"https:\/\/tmff.com.br\/en\/profissionais\/\" \/>\n<meta property=\"og:locale\" content=\"en_US\" \/>\n<meta property=\"og:type\" content=\"article\" \/>\n<meta property=\"og:title\" content=\"Profissionais - Tavares | Matteoni | Freitas de Souza &amp; Figueira de Mello\" \/>\n<meta property=\"og:url\" content=\"https:\/\/tmff.com.br\/en\/profissionais\/\" \/>\n<meta property=\"og:site_name\" content=\"Tavares | Matteoni | Freitas de Souza &amp; Figueira de Mello\" \/>\n<meta property=\"article:modified_time\" content=\"2024-09-10T15:42:29+00:00\" \/>\n<meta name=\"twitter:card\" content=\"summary_large_image\" \/>\n<meta name=\"twitter:label1\" content=\"Est. reading time\" \/>\n\t<meta name=\"twitter:data1\" content=\"3 minutes\" \/>\n<script type=\"application\/ld+json\" class=\"yoast-schema-graph\">{\"@context\":\"https:\/\/schema.org\",\"@graph\":[{\"@type\":\"WebSite\",\"@id\":\"https:\/\/tmff.com.br\/#website\",\"url\":\"https:\/\/tmff.com.br\/\",\"name\":\"Tavares | Matteoni | Freitas de Souza &amp; Figueira de Mello\",\"description\":\"ADVOGADOS ASSOCIADOS\",\"potentialAction\":[{\"@type\":\"SearchAction\",\"target\":{\"@type\":\"EntryPoint\",\"urlTemplate\":\"https:\/\/tmff.com.br\/?s={search_term_string}\"},\"query-input\":\"required name=search_term_string\"}],\"inLanguage\":\"en-US\"},{\"@type\":\"WebPage\",\"@id\":\"https:\/\/tmff.com.br\/profissionais\/#webpage\",\"url\":\"https:\/\/tmff.com.br\/profissionais\/\",\"name\":\"Profissionais - Tavares | Matteoni | Freitas de Souza &amp; Figueira de Mello\",\"isPartOf\":{\"@id\":\"https:\/\/tmff.com.br\/#website\"},\"datePublished\":\"2019-03-24T00:33:05+00:00\",\"dateModified\":\"2024-09-10T15:42:29+00:00\",\"breadcrumb\":{\"@id\":\"https:\/\/tmff.com.br\/profissionais\/#breadcrumb\"},\"inLanguage\":\"en-US\",\"potentialAction\":[{\"@type\":\"ReadAction\",\"target\":[\"https:\/\/tmff.com.br\/profissionais\/\"]}]},{\"@type\":\"BreadcrumbList\",\"@id\":\"https:\/\/tmff.com.br\/profissionais\/#breadcrumb\",\"itemListElement\":[{\"@type\":\"ListItem\",\"position\":1,\"name\":\"In\\u00edcio\",\"item\":\"https:\/\/tmff.com.br\/\"},{\"@type\":\"ListItem\",\"position\":2,\"name\":\"Profissionais\"}]}]}<\/script>\n<!-- \/ Yoast SEO plugin. -->","yoast_head_json":{"title":"Profissionais - Tavares | Matteoni | Freitas de Souza &amp; Figueira de Mello","robots":{"index":"index","follow":"follow","max-snippet":"max-snippet:-1","max-image-preview":"max-image-preview:large","max-video-preview":"max-video-preview:-1"},"canonical":"https:\/\/tmff.com.br\/en\/profissionais\/","og_locale":"en_US","og_type":"article","og_title":"Profissionais - Tavares | Matteoni | Freitas de Souza &amp; Figueira de Mello","og_url":"https:\/\/tmff.com.br\/en\/profissionais\/","og_site_name":"Tavares | Matteoni | Freitas de Souza &amp; Figueira de Mello","article_modified_time":"2024-09-10T15:42:29+00:00","twitter_card":"summary_large_image","twitter_misc":{"Est. reading time":"3 minutes"},"schema":{"@context":"https:\/\/schema.org","@graph":[{"@type":"WebSite","@id":"https:\/\/tmff.com.br\/#website","url":"https:\/\/tmff.com.br\/","name":"Tavares | Matteoni | Freitas de Souza &amp; Figueira de Mello","description":"ADVOGADOS ASSOCIADOS","potentialAction":[{"@type":"SearchAction","target":{"@type":"EntryPoint","urlTemplate":"https:\/\/tmff.com.br\/?s={search_term_string}"},"query-input":"required name=search_term_string"}],"inLanguage":"en-US"},{"@type":"WebPage","@id":"https:\/\/tmff.com.br\/profissionais\/#webpage","url":"https:\/\/tmff.com.br\/profissionais\/","name":"Profissionais - Tavares | Matteoni | Freitas de Souza &amp; Figueira de Mello","isPartOf":{"@id":"https:\/\/tmff.com.br\/#website"},"datePublished":"2019-03-24T00:33:05+00:00","dateModified":"2024-09-10T15:42:29+00:00","breadcrumb":{"@id":"https:\/\/tmff.com.br\/profissionais\/#breadcrumb"},"inLanguage":"en-US","potentialAction":[{"@type":"ReadAction","target":["https:\/\/tmff.com.br\/profissionais\/"]}]},{"@type":"BreadcrumbList","@id":"https:\/\/tmff.com.br\/profissionais\/#breadcrumb","itemListElement":[{"@type":"ListItem","position":1,"name":"In\u00edcio","item":"https:\/\/tmff.com.br\/"},{"@type":"ListItem","position":2,"name":"Profissionais"}]}]}},"_links":{"self":[{"href":"https:\/\/tmff.com.br\/en\/wp-json\/wp\/v2\/pages\/44"}],"collection":[{"href":"https:\/\/tmff.com.br\/en\/wp-json\/wp\/v2\/pages"}],"about":[{"href":"https:\/\/tmff.com.br\/en\/wp-json\/wp\/v2\/types\/page"}],"author":[{"embeddable":true,"href":"https:\/\/tmff.com.br\/en\/wp-json\/wp\/v2\/users\/2"}],"replies":[{"embeddable":true,"href":"https:\/\/tmff.com.br\/en\/wp-json\/wp\/v2\/comments?post=44"}],"version-history":[{"count":27,"href":"https:\/\/tmff.com.br\/en\/wp-json\/wp\/v2\/pages\/44\/revisions"}],"predecessor-version":[{"id":308,"href":"https:\/\/tmff.com.br\/en\/wp-json\/wp\/v2\/pages\/44\/revisions\/308"}],"wp:attachment":[{"href":"https:\/\/tmff.com.br\/en\/wp-json\/wp\/v2\/media?parent=44"}],"curies":[{"name":"wp","href":"https:\/\/api.w.org\/{rel}","templated":true}]}}